{"id":37,"date":"2025-05-22T13:15:18","date_gmt":"2025-05-22T13:15:18","guid":{"rendered":"https:\/\/gardencottage29.com\/fi\/?page_id=37"},"modified":"2025-06-17T10:13:36","modified_gmt":"2025-06-17T10:13:36","slug":"esteeton-majoitus","status":"publish","type":"page","link":"https:\/\/gardencottage29.com\/fi\/esteeton-majoitus\/","title":{"rendered":"ESTEET\u00d6N MAJOITUS"},"content":{"rendered":"\n<div class=\"airbnb-embed-frame\" data-id=\"33441262\" data-view=\"home\" data-hide-price=\"true\" style=\"width: 450px; height: 300px; margin: auto;\"><a href=\"https:\/\/www.airbnb.com\/rooms\/33441262?guests=1&amp;adults=1&amp;s=66&amp;source=embed_widget\">View On Airbnb<\/a><a href=\"https:\/\/www.airbnb.com\/rooms\/33441262?guests=1&amp;adults=1&amp;s=66&amp;source=embed_widget\" rel=\"nofollow\">Cottage in Rovaniemi \u00b7 \u26054.95 \u00b7 1 bedroom \u00b7 4 beds \u00b7 1 bath<\/a><script async=\"\" src=\"https:\/\/www.airbnb.com\/embeddable\/airbnb_jssdk\"><\/script><\/div>\n\n\n\n<p><strong>Esteet\u00f6n asunto<\/strong><\/p>\n\n\n\n<p>Tilava pys\u00e4k\u00f6intipaikka on 8m p\u00e4\u00e4ss\u00e4 asunnon ulko-ovesta. Kulku pys\u00e4k\u00f6intipaikalta asuntoon on loivan liuskan kautta. Liuska on 1,3 m leve\u00e4, 6 m pitk\u00e4 ja nousua on 40cm, eli n. 7cm\/metri.<\/p>\n\n\n\n<p>Asunnon oviaukot ovat 88cm leve\u00e4t.<\/p>\n\n\n\n<p>WC-istuin on tavallista korkeampi  (47cm) ja siihen asennetaan tukikahvat pyynn\u00f6st\u00e4.<\/p>\n\n\n\n<p>Pesuhuone on suunniteltu tilavaksi ja asunnosta l\u00f6ytyy suihkutuoli.<\/p>\n\n\n\n<p>S\u00e4ngyn molemmin puolin on 1 m tilaa. S\u00e4nkyj\u00e4 voi tarvittaessa siirt\u00e4\u00e4.<\/p>\n\n\n\n<p>Asunnossa on runsaasti pistorasioita.<\/p>\n\n\n\n<p>Opaskoirat ovat eritt\u00e4in tervetulleita.<\/p>\n\n\n\n<p class=\"has-text-align-center\"><a href=\"http:\/\/airbnb.com\/h\/gardencottage\">Ota yhteytt\u00e4<\/a><\/p>\n","protected":false},"excerpt":{"rendered":"<p>View On AirbnbCottage in Rovaniemi \u00b7 \u26054.95 \u00b7 1 bedroom \u00b7 4 beds \u00b7 1 bath Esteet\u00f6n asunto Tilava pys\u00e4k\u00f6intipaikka on 8m p\u00e4\u00e4ss\u00e4 asunnon ulko-ovesta. Kulku pys\u00e4k\u00f6intipaikalta asuntoon on loivan liuskan kautta. Liuska on 1,3 m leve\u00e4, 6 m pitk\u00e4 ja nousua on 40cm, eli n. 7cm\/metri. Asunnon oviaukot ovat 88cm leve\u00e4t. WC-istuin on tavallista [&hellip;]<\/p>\n","protected":false},"author":1,"featured_media":0,"parent":0,"menu_order":0,"comment_status":"closed","ping_status":"closed","template":"","meta":{"site-sidebar-layout":"default","site-content-layout":"","ast-site-content-layout":"","site-content-style":"default","site-sidebar-style":"default","ast-global-header-display":"","ast-banner-title-visibility":"","ast-main-header-display":"","ast-hfb-above-header-display":"","ast-hfb-below-header-display":"","ast-hfb-mobile-header-display":"","site-post-title":"disabled","ast-breadcrumbs-content":"","ast-featured-img":"","footer-sml-layout":"","ast-disable-related-posts":"","theme-transparent-header-meta":"","adv-header-id-meta":"","stick-header-meta":"","header-above-stick-meta":"","header-main-stick-meta":"","header-below-stick-meta":"","astra-migrate-meta-layouts":"default","ast-page-background-enabled":"default","ast-page-background-meta":{"desktop":{"background-color":"var(--ast-global-color-4)","background-image":"","background-repeat":"repeat","background-position":"center center","background-size":"auto","background-attachment":"scroll","background-type":"","background-media":"","overlay-type":"","overlay-color":"","overlay-opacity":"","overlay-gradient":""},"tablet":{"background-color":"","background-image":"","background-repeat":"repeat","background-position":"center center","background-size":"auto","background-attachment":"scroll","background-type":"","background-media":"","overlay-type":"","overlay-color":"","overlay-opacity":"","overlay-gradient":""},"mobile":{"background-color":"","background-image":"","background-repeat":"repeat","background-position":"center center","background-size":"auto","background-attachment":"scroll","background-type":"","background-media":"","overlay-type":"","overlay-color":"","overlay-opacity":"","overlay-gradient":""}},"ast-content-background-meta":{"desktop":{"background-color":"var(--ast-global-color-5)","background-image":"","background-repeat":"repeat","background-position":"center center","background-size":"auto","background-attachment":"scroll","background-type":"","background-media":"","overlay-type":"","overlay-color":"","overlay-opacity":"","overlay-gradient":""},"tablet":{"background-color":"var(--ast-global-color-5)","background-image":"","background-repeat":"repeat","background-position":"center center","background-size":"auto","background-attachment":"scroll","background-type":"","background-media":"","overlay-type":"","overlay-color":"","overlay-opacity":"","overlay-gradient":""},"mobile":{"background-color":"var(--ast-global-color-5)","background-image":"","background-repeat":"repeat","background-position":"center center","background-size":"auto","background-attachment":"scroll","background-type":"","background-media":"","overlay-type":"","overlay-color":"","overlay-opacity":"","overlay-gradient":""}},"footnotes":""},"class_list":["post-37","page","type-page","status-publish","hentry"],"_links":{"self":[{"href":"https:\/\/gardencottage29.com\/fi\/wp-json\/wp\/v2\/pages\/37","targetHints":{"allow":["GET"]}}],"collection":[{"href":"https:\/\/gardencottage29.com\/fi\/wp-json\/wp\/v2\/pages"}],"about":[{"href":"https:\/\/gardencottage29.com\/fi\/wp-json\/wp\/v2\/types\/page"}],"author":[{"embeddable":true,"href":"https:\/\/gardencottage29.com\/fi\/wp-json\/wp\/v2\/users\/1"}],"replies":[{"embeddable":true,"href":"https:\/\/gardencottage29.com\/fi\/wp-json\/wp\/v2\/comments?post=37"}],"version-history":[{"count":5,"href":"https:\/\/gardencottage29.com\/fi\/wp-json\/wp\/v2\/pages\/37\/revisions"}],"predecessor-version":[{"id":61,"href":"https:\/\/gardencottage29.com\/fi\/wp-json\/wp\/v2\/pages\/37\/revisions\/61"}],"wp:attachment":[{"href":"https:\/\/gardencottage29.com\/fi\/wp-json\/wp\/v2\/media?parent=37"}],"curies":[{"name":"wp","href":"https:\/\/api.w.org\/{rel}","templated":true}]}}