{"id":2,"date":"2023-09-29T11:52:55","date_gmt":"2023-09-29T11:52:55","guid":{"rendered":"https:\/\/gardencottage29.com\/fi\/?page_id=2"},"modified":"2025-06-17T10:13:50","modified_gmt":"2025-06-17T10:13:50","slug":"sample-page","status":"publish","type":"page","link":"https:\/\/gardencottage29.com\/fi\/","title":{"rendered":"LANDING PAGE FINNISH"},"content":{"rendered":"\n<div class=\"airbnb-embed-frame\" data-id=\"33441262\" data-view=\"home\" data-hide-price=\"true\" style=\"width: 450px; height: 300px; margin: auto;\"><a href=\"https:\/\/www.airbnb.com\/rooms\/33441262?guests=1&amp;adults=1&amp;s=66&amp;source=embed_widget\">View On Airbnb<\/a><a href=\"https:\/\/www.airbnb.com\/rooms\/33441262?guests=1&amp;adults=1&amp;s=66&amp;source=embed_widget\" rel=\"nofollow\">Cottage in Rovaniemi \u00b7 \u26054.95 \u00b7 1 bedroom \u00b7 4 beds \u00b7 1 bath<\/a><script async=\"\" src=\"https:\/\/www.airbnb.com\/embeddable\/airbnb_jssdk\"><\/script><\/div>\n\n\n\n<p class=\"has-medium-font-size\">Garden Cottage 29 on viihtyis\u00e4 piharakennuksesta remontoitu vierasmaja Rovaniemell\u00e4. Voit <a href=\"https:\/\/airbnb.com\/h\/gardencottage\">vuokrata m\u00f6kki\u00e4 Airbnb:n kautta<\/a>.<\/p>\n\n\n\n<p class=\"has-medium-font-size\">M\u00f6kin pinta-ala on 40m2 + 9m2 matala nukkumaparvi. Lattial\u00e4mmitys takaa mukavuuden kaikkina vuodenaikoina.<\/p>\n\n\n\n<p class=\"has-medium-font-size\">Garden Cottage 29 sijaitsee mets\u00e4isell\u00e4 omakotialueella Rovaniemen Korkalovaarassa, l\u00e4hell\u00e4 keskustaa (n.2km) Pihallamme viihtyv\u00e4t p\u00e4ivitt\u00e4in niin oravat, j\u00e4nikset kuin linnutkin. My\u00f6s poroja ja muita mets\u00e4n el\u00e4imi\u00e4 voit tavata naapurustossa.<\/p>\n\n\n\n<p class=\"has-medium-font-size\">Korkalovaarassa on hyv\u00e4t mahdollisuudet liikkua luonnossa. Pienelle mets\u00e4lenkille p\u00e4\u00e4see heti kotiovelta ja hiihtoladuille on meilt\u00e4 n. 15 min k\u00e4velymatka. Samalta seudulta l\u00f6ytyy my\u00f6s tennishalli, alam\u00e4kipy\u00f6r\u00e4ilyrata ja hyv\u00e4 paikka n\u00e4hd\u00e4 revontulia. Kes\u00e4ll\u00e4 lapsiperheille on kivaa tekemist\u00e4 l\u00e4heisess\u00e4 liikennepuistossa.<\/p>\n\n\n\n<p class=\"has-medium-font-size\">L\u00e4himm\u00e4 ruokakaupat sijaitsevat 700 metrin.<\/p>\n\n\n\n<p class=\"has-medium-font-size\">Omakotitalomme sijaitsee samalla tontilla, vastap\u00e4\u00e4t\u00e4 vierasmajaa.<\/p>\n\n\n\n<p class=\"has-medium-font-size\">Vierasmajan takana on autotie, jonka \u00e4\u00e4net kuuluvat m\u00f6kkiin. Se voi olla h\u00e4iri\u00f6ksi, jos olet herkk\u00e4uninen.<\/p>\n\n\n\n<p class=\"has-medium-font-size\"><\/p>\n\n\n\n<p class=\"has-medium-font-size\"><strong>Esteet\u00f6n asunto<\/strong><\/p>\n\n\n\n<p class=\"has-medium-font-size\">Tilava pys\u00e4k\u00f6intipaikka on 8m p\u00e4\u00e4ss\u00e4 asunnon ulko-ovesta. Kulku pys\u00e4k\u00f6intipaikalta asuntoon on loivan liuskan kautta. Liuska on 1,3 m leve\u00e4, 6 m pitk\u00e4 ja nousua on 40cm, eli n. 7cm\/metri.<\/p>\n\n\n\n<p class=\"has-medium-font-size\">Asunnon oviaukot ovat 88cm leve\u00e4t.<\/p>\n\n\n\n<p class=\"has-medium-font-size\">WC-istuin on tavallista korkeampi (47cm) ja siihen asennetaan tukikahvat pyynn\u00f6st\u00e4.<\/p>\n\n\n\n<p class=\"has-medium-font-size\">Pesuhuone on suunniteltu tilavaksi ja asunnosta l\u00f6ytyy suihkutuoli.<\/p>\n\n\n\n<p class=\"has-medium-font-size\">S\u00e4ngyn molemmin puolin on 1 m tilaa. S\u00e4nkyj\u00e4 voi tarvittaessa siirt\u00e4\u00e4.<\/p>\n\n\n\n<p class=\"has-medium-font-size\">Asunnossa on runsaasti pistorasioita.<\/p>\n\n\n\n<p class=\"has-medium-font-size\">Opaskoirat ovat eritt\u00e4in tervetulleita.<\/p>\n\n\n\n<p class=\"has-text-align-center has-medium-font-size\"><a href=\"http:\/\/airbnb.com\/h\/gardencottage\">Ota yhteytt\u00e4<\/a><\/p>\n\n\n\n<p><\/p>\n","protected":false},"excerpt":{"rendered":"<p>View On AirbnbCottage in Rovaniemi \u00b7 \u26054.95 \u00b7 1 bedroom \u00b7 4 beds \u00b7 1 bath Garden Cottage 29 on viihtyis\u00e4 piharakennuksesta remontoitu vierasmaja Rovaniemell\u00e4. Voit vuokrata m\u00f6kki\u00e4 Airbnb:n kautta. M\u00f6kin pinta-ala on 40m2 + 9m2 matala nukkumaparvi. Lattial\u00e4mmitys takaa mukavuuden kaikkina vuodenaikoina. Garden Cottage 29 sijaitsee mets\u00e4isell\u00e4 omakotialueella Rovaniemen Korkalovaarassa, l\u00e4hell\u00e4 keskustaa (n.2km) Pihallamme [&hellip;]<\/p>\n","protected":false},"author":1,"featured_media":0,"parent":0,"menu_order":0,"comment_status":"closed","ping_status":"closed","template":"","meta":{"site-sidebar-layout":"default","site-content-layout":"","ast-site-content-layout":"default","site-content-style":"default","site-sidebar-style":"default","ast-global-header-display":"","ast-banner-title-visibility":"","ast-main-header-display":"","ast-hfb-above-header-display":"","ast-hfb-below-header-display":"","ast-hfb-mobile-header-display":"","site-post-title":"disabled","ast-breadcrumbs-content":"","ast-featured-img":"","footer-sml-layout":"","ast-disable-related-posts":"","theme-transparent-header-meta":"","adv-header-id-meta":"","stick-header-meta":"","header-above-stick-meta":"","header-main-stick-meta":"","header-below-stick-meta":"","astra-migrate-meta-layouts":"","ast-page-background-enabled":"default","ast-page-background-meta":{"desktop":{"background-color":"var(--ast-global-color-4)","background-image":"","background-repeat":"repeat","background-position":"center center","background-size":"auto","background-attachment":"scroll","background-type":"","background-media":"","overlay-type":"","overlay-color":"","overlay-opacity":"","overlay-gradient":""},"tablet":{"background-color":"","background-image":"","background-repeat":"repeat","background-position":"center center","background-size":"auto","background-attachment":"scroll","background-type":"","background-media":"","overlay-type":"","overlay-color":"","overlay-opacity":"","overlay-gradient":""},"mobile":{"background-color":"","background-image":"","background-repeat":"repeat","background-position":"center center","background-size":"auto","background-attachment":"scroll","background-type":"","background-media":"","overlay-type":"","overlay-color":"","overlay-opacity":"","overlay-gradient":""}},"ast-content-background-meta":{"desktop":{"background-color":"var(--ast-global-color-5)","background-image":"","background-repeat":"repeat","background-position":"center center","background-size":"auto","background-attachment":"scroll","background-type":"","background-media":"","overlay-type":"","overlay-color":"","overlay-opacity":"","overlay-gradient":""},"tablet":{"background-color":"var(--ast-global-color-5)","background-image":"","background-repeat":"repeat","background-position":"center center","background-size":"auto","background-attachment":"scroll","background-type":"","background-media":"","overlay-type":"","overlay-color":"","overlay-opacity":"","overlay-gradient":""},"mobile":{"background-color":"var(--ast-global-color-5)","background-image":"","background-repeat":"repeat","background-position":"center center","background-size":"auto","background-attachment":"scroll","background-type":"","background-media":"","overlay-type":"","overlay-color":"","overlay-opacity":"","overlay-gradient":""}},"footnotes":""},"class_list":["post-2","page","type-page","status-publish","hentry"],"_links":{"self":[{"href":"https:\/\/gardencottage29.com\/fi\/wp-json\/wp\/v2\/pages\/2","targetHints":{"allow":["GET"]}}],"collection":[{"href":"https:\/\/gardencottage29.com\/fi\/wp-json\/wp\/v2\/pages"}],"about":[{"href":"https:\/\/gardencottage29.com\/fi\/wp-json\/wp\/v2\/types\/page"}],"author":[{"embeddable":true,"href":"https:\/\/gardencottage29.com\/fi\/wp-json\/wp\/v2\/users\/1"}],"replies":[{"embeddable":true,"href":"https:\/\/gardencottage29.com\/fi\/wp-json\/wp\/v2\/comments?post=2"}],"version-history":[{"count":13,"href":"https:\/\/gardencottage29.com\/fi\/wp-json\/wp\/v2\/pages\/2\/revisions"}],"predecessor-version":[{"id":72,"href":"https:\/\/gardencottage29.com\/fi\/wp-json\/wp\/v2\/pages\/2\/revisions\/72"}],"wp:attachment":[{"href":"https:\/\/gardencottage29.com\/fi\/wp-json\/wp\/v2\/media?parent=2"}],"curies":[{"name":"wp","href":"https:\/\/api.w.org\/{rel}","templated":true}]}}